{"id":24,"date":"2024-10-04T10:54:20","date_gmt":"2024-10-04T13:54:20","guid":{"rendered":"https:\/\/www.drpetersonpaludo.com.br\/site\/?page_id=24"},"modified":"2024-10-29T13:57:38","modified_gmt":"2024-10-29T16:57:38","slug":"contato","status":"publish","type":"page","link":"https:\/\/www.drpetersonpaludo.com.br\/site\/contato\/","title":{"rendered":"Contato"},"content":{"rendered":"<div role=\"form\" class=\"wpcf7\" id=\"wpcf7-f70-o1\" lang=\"pt-BR\" dir=\"ltr\">\n<div class=\"screen-reader-response\" role=\"alert\" aria-live=\"polite\"><\/div>\n<form action=\"\/site\/wp-json\/wp\/v2\/pages\/24#wpcf7-f70-o1\" method=\"post\" class=\"wpcf7-form init\" novalidate=\"novalidate\">\n<div style=\"display: none;\">\n<input type=\"hidden\" name=\"_wpcf7\" value=\"70\" \/>\n<input type=\"hidden\" name=\"_wpcf7_version\" value=\"5.2\" \/>\n<input type=\"hidden\" name=\"_wpcf7_locale\" value=\"pt_BR\" \/>\n<input type=\"hidden\" name=\"_wpcf7_unit_tag\" value=\"wpcf7-f70-o1\" \/>\n<input type=\"hidden\" name=\"_wpcf7_container_post\" value=\"0\" \/>\n<input type=\"hidden\" name=\"_wpcf7_posted_data_hash\" value=\"\" \/>\n<\/div>\n<div class=\"blocoformulario\">\n<p>Para sua maior comodidade entre em contato utilizando o formul\u00e1rio abaixo:<\/p>\n<p><label>Nome<br \/>\n    <span class=\"wpcf7-form-control-wrap nome\"><input type=\"text\" name=\"nome\" value=\"\" size=\"40\" class=\"wpcf7-form-control wpcf7-text wpcf7-validates-as-required\" aria-required=\"true\" aria-invalid=\"false\" \/><\/span> <\/label><\/p>\n<p><label>E-mail<br \/>\n    <span class=\"wpcf7-form-control-wrap email\"><input type=\"email\" name=\"email\" value=\"\" size=\"40\" class=\"wpcf7-form-control wpcf7-text wpcf7-email wpcf7-validates-as-required wpcf7-validates-as-email\" aria-required=\"true\" aria-invalid=\"false\" \/><\/span> <\/label><\/p>\n<p><label>Telefone<br \/>\n    <span class=\"wpcf7-form-control-wrap telefone\"><input type=\"text\" name=\"telefone\" value=\"\" size=\"40\" class=\"wpcf7-form-control wpcf7-text wpcf7-validates-as-required\" aria-required=\"true\" aria-invalid=\"false\" \/><\/span> <\/label><\/p>\n<p><label>Cidade e estado<br \/>\n    <span class=\"wpcf7-form-control-wrap cidade\"><input type=\"text\" name=\"cidade\" value=\"\" size=\"40\" class=\"wpcf7-form-control wpcf7-text wpcf7-validates-as-required\" aria-required=\"true\" aria-invalid=\"false\" \/><\/span> <\/label><\/p>\n<p><label>Mensagem<br \/>\n<span class=\"wpcf7-form-control-wrap mensagem\"><textarea name=\"mensagem\" cols=\"40\" rows=\"10\" class=\"wpcf7-form-control wpcf7-textarea wpcf7-validates-as-required\" aria-required=\"true\" aria-invalid=\"false\"><\/textarea><\/span> <\/label><\/p>\n<p>C\u00f3digo Anti-Spam<br \/>\n    <input type=\"hidden\" name=\"_wpcf7_captcha_challenge_captcha\" value=\"3500039157\" \/><img loading=\"lazy\" decoding=\"async\" class=\"wpcf7-form-control wpcf7-captchac wpcf7-captcha-captcha\" width=\"72\" height=\"24\" alt=\"captcha\" src=\"https:\/\/www.drpetersonpaludo.com.br\/site\/wp-content\/uploads\/wpcf7_captcha\/3500039157.png\" \/> <\/p>\n<p>Digite o c\u00f3digo Anti-Spam abaixo:<br \/>\n    <span class=\"wpcf7-form-control-wrap captcha\"><input type=\"text\" name=\"captcha\" value=\"\" size=\"40\" class=\"wpcf7-form-control wpcf7-captchar\" autocomplete=\"off\" aria-invalid=\"false\" \/><\/span> <\/p>\n<p><input type=\"submit\" value=\"Enviar\" class=\"wpcf7-form-control wpcf7-submit\" \/>\n<\/p><\/div>\n<div class=\"blocomapa\">\n<iframe src=\"https:\/\/www.google.com\/maps\/embed?pb=!1m14!1m8!1m3!1d904.2804669351956!2d-52.4177927120418!3d-28.26348692967941!3m2!1i1024!2i768!4f13.1!3m3!1m2!1s0x94e2c08362fbb8d9%3A0x77d76cd8377b74bc!2sDr.%20Peterson%20Paludo%20-%20Cirurgia%20Ginecol%C3%B3gica%20%2F%20Endometriose!5e0!3m2!1spt-BR!2sbr!4v1728164283600!5m2!1spt-BR!2sbr\" width=\"100%\" height=\"800\" style=\"border:0;\" allowfullscreen=\"\" loading=\"lazy\" referrerpolicy=\"no-referrer-when-downgrade\"><\/iframe>\n<\/div>\n<div class=\"wpcf7-response-output\" role=\"alert\" aria-hidden=\"true\"><\/div><\/form><\/div>\n<div style=\"display: none;\">\n<p>menopausa passo fundo ginecologista passo fundo, peterson em passo fundo, medica, Passo Fundo RS, medica e menopausa miomas uterino passo fundo<\/p>\n<h1>medica em Passo Fundo,\u00a0peterson passo fundo, ginecologista passo fundo,<\/h1>\n<h2>medica em passo fundo, menopausa passo fundo e regi\u00e3o, ginecologista passo fundo em passo fundo, medica venda peterson menopausa miomas uterino passo fundo, menopausa em passo fundo rs, medica, para passo fundo e regi\u00e3o, medica para passo fundo e regi\u00e3o\u00a0menopausa menopausa menopausa miomas uterino passo fundo de medica em passo fundo, menopausa passo fundo e regi\u00e3o, ginecologista passo fundo em passo fundo, medica venda peterson menopausa miomas uterino passo fundo, menopausa em passo fundo rs, medica,<a title=\"menopausa menopausa menopausa miomas uterino passo fundo de medica em passo fundo, menopausa passo fundo e regi\u00e3o, ginecologista passo fundo em passo fundo, medica venda peterson menopausa miomas uterino passo fundo, menopausa em passo fundo rs, medica, para passo fundo e regi\u00e3o, medica para passo fundo e regi\u00e3o\" href=\"http:\/\/www.drpetersonpaludo.com.br\">para passo fundo e regi\u00e3o, medica para passo fundo e regi\u00e3o\u00a0menopausa menopausa menopausa miomas uterino passo fundo de medica em passo fundo, menopausa passo fundo e regi\u00e3o, ginecologista passo fundo em passo fundo, medica venda peterson menopausa miomas uterino passo fundo, menopausa em passo fundo rs, medica<\/a>, para passo fundo e regi\u00e3o, medica para passo fundo e regi\u00e3o\u00a0menopausa menopausa menopausa miomas uterino passo fundo de medica em passo fundo, menopausa passo fundo e regi\u00e3o, ginecologista passo fundo em passo fundo, medica venda peterson menopausa miomas uterino passo fundo, menopausa em passo fundo rs, medica, para passo fundo e regi\u00e3o, medica para passo fundo e regi\u00e3o\u00a0menopausa menopausa menopausa miomas uterino passo fundo de medica em passo fundo, menopausa passo fundo e regi\u00e3o, ginecologista passo fundo em passo fundo, medica venda peterson menopausa miomas uterino passo fundo, menopausa em passo fundo rs, medica, para passo fundo e regi\u00e3o,<a title=\"menopausa menopausa menopausa miomas uterino passo fundo de medica em passo fundo, menopausa passo fundo e regi\u00e3o, ginecologista passo fundo em passo fundo, medica venda peterson menopausa miomas uterino passo fundo, menopausa em passo fundo rs, medica, para passo fundo e regi\u00e3o, medica para passo fundo e regi\u00e3o\" href=\"https:\/\/www.drpetersonpaludo.com.br\/site\">medica para passo fundo e regi\u00e3o\u00a0menopausa menopausa menopausa miomas uterino passo fundo de medica em passo fundo, menopausa passo fundo e regi\u00e3o, cria\u00e7\u00e3o de sit<\/a>es em passo fundo, medica venda peterson menopausa miomas uterino passo fundo, menopausa em passo fundo rs, medica, para passo fundo e regi\u00e3o, medica para passo fundo e regi\u00e3o<\/h2>\n<div id=\"attachment_747\" style=\"width: 353px\" class=\"wp-caption aligncenter\"><a href=\"https:\/\/www.drpetersonpaludo.com.br\/site\/wp-content\/uploads\/2013\/06\/per\u00edcia-m\u00e9dica-passo-fundo-rs.jpg\"><img decoding=\"async\" aria-describedby=\"caption-attachment-747\" class=\"size-full wp-image-747 \" title=\"menopausa menopausa menopausa miomas uterino passo fundo de medica em Passo Fundo\" src=\"https:\/\/www.drpetersonpaludo.com.br\/site\/wp-content\/uploads\/2013\/06\/per\u00edcia-m\u00e9dica-passo-fundo-rs.jpg\" alt=\"menopausa menopausa menopausa miomas uterino passo fundo de medica em Passo Fundo\" width=\"343\" height=\"300\"  loading=\"lazy\" \/><\/a><p id=\"caption-attachment-747\" class=\"wp-caption-text\">menopausa menopausa menopausa miomas uterino passo fundo de medica em Passo Fundo<\/p><\/div>\n<\/div>\n","protected":false},"excerpt":{"rendered":"<p>menopausa passo fundo ginecologista passo fundo, peterson em passo fundo, medica, Passo Fundo RS, medica [&hellip;]<\/p>\n","protected":false},"author":1,"featured_media":0,"parent":0,"menu_order":0,"comment_status":"closed","ping_status":"closed","template":"","meta":{"footnotes":""},"class_list":["post-24","page","type-page","status-publish","hentry"],"_links":{"self":[{"href":"https:\/\/www.drpetersonpaludo.com.br\/site\/wp-json\/wp\/v2\/pages\/24"}],"collection":[{"href":"https:\/\/www.drpetersonpaludo.com.br\/site\/wp-json\/wp\/v2\/pages"}],"about":[{"href":"https:\/\/www.drpetersonpaludo.com.br\/site\/wp-json\/wp\/v2\/types\/page"}],"author":[{"embeddable":true,"href":"https:\/\/www.drpetersonpaludo.com.br\/site\/wp-json\/wp\/v2\/users\/1"}],"replies":[{"embeddable":true,"href":"https:\/\/www.drpetersonpaludo.com.br\/site\/wp-json\/wp\/v2\/comments?post=24"}],"version-history":[{"count":3,"href":"https:\/\/www.drpetersonpaludo.com.br\/site\/wp-json\/wp\/v2\/pages\/24\/revisions"}],"predecessor-version":[{"id":104,"href":"https:\/\/www.drpetersonpaludo.com.br\/site\/wp-json\/wp\/v2\/pages\/24\/revisions\/104"}],"wp:attachment":[{"href":"https:\/\/www.drpetersonpaludo.com.br\/site\/wp-json\/wp\/v2\/media?parent=24"}],"curies":[{"name":"wp","href":"https:\/\/api.w.org\/{rel}","templated":true}]}}