{"id":20,"date":"2024-10-04T10:54:03","date_gmt":"2024-10-04T13:54:03","guid":{"rendered":"https:\/\/www.drpetersonpaludo.com.br\/site\/?page_id=20"},"modified":"2024-10-25T13:20:09","modified_gmt":"2024-10-25T16:20:09","slug":"ginecologia-clinica","status":"publish","type":"page","link":"https:\/\/www.drpetersonpaludo.com.br\/site\/ginecologia-clinica\/","title":{"rendered":"Ginecologia Cl\u00ednica"},"content":{"rendered":"<div style=\"display: none;\">\n<p>ginecologia cl\u00ednica passo fundo endometriose passo fundo, peterson em passo fundo, medica, Passo Fundo RS, medica e ginecologia cl\u00ednica miomas uterino passo fundo<\/p>\n<h1>medica em Passo Fundo,\u00a0peterson passo fundo, endometriose passo fundo,<\/h1>\n<h2>medica em passo fundo, ginecologia cl\u00ednica passo fundo e regi\u00e3o, endometriose passo fundo em passo fundo, medica venda peterson ginecologia cl\u00ednica miomas uterino passo fundo, ginecologia cl\u00ednica em passo fundo rs, medica, para passo fundo e regi\u00e3o, medica para passo fundo e regi\u00e3o\u00a0ginecologia cl\u00ednica ginecologia cl\u00ednica ginecologia cl\u00ednica miomas uterino passo fundo de medica em passo fundo, ginecologia cl\u00ednica passo fundo e regi\u00e3o, endometriose passo fundo em passo fundo, medica venda peterson ginecologia cl\u00ednica miomas uterino passo fundo, ginecologia cl\u00ednica em passo fundo rs, medica,<a title=\"ginecologia cl\u00ednica ginecologia cl\u00ednica ginecologia cl\u00ednica miomas uterino passo fundo de medica em passo fundo, ginecologia cl\u00ednica passo fundo e regi\u00e3o, endometriose passo fundo em passo fundo, medica venda peterson ginecologia cl\u00ednica miomas uterino passo fundo, ginecologia cl\u00ednica em passo fundo rs, medica, para passo fundo e regi\u00e3o, medica para passo fundo e regi\u00e3o\" href=\"http:\/\/www.drpetersonpaludo.com.br\">para passo fundo e regi\u00e3o, medica para passo fundo e regi\u00e3o\u00a0ginecologia cl\u00ednica ginecologia cl\u00ednica ginecologia cl\u00ednica miomas uterino passo fundo de medica em passo fundo, ginecologia cl\u00ednica passo fundo e regi\u00e3o, endometriose passo fundo em passo fundo, medica venda peterson ginecologia cl\u00ednica miomas uterino passo fundo, ginecologia cl\u00ednica em passo fundo rs, medica<\/a>, para passo fundo e regi\u00e3o, medica para passo fundo e regi\u00e3o\u00a0ginecologia cl\u00ednica ginecologia cl\u00ednica ginecologia cl\u00ednica miomas uterino passo fundo de medica em passo fundo, ginecologia cl\u00ednica passo fundo e regi\u00e3o, endometriose passo fundo em passo fundo, medica venda peterson ginecologia cl\u00ednica miomas uterino passo fundo, ginecologia cl\u00ednica em passo fundo rs, medica, para passo fundo e regi\u00e3o, medica para passo fundo e regi\u00e3o\u00a0ginecologia cl\u00ednica ginecologia cl\u00ednica ginecologia cl\u00ednica miomas uterino passo fundo de medica em passo fundo, ginecologia cl\u00ednica passo fundo e regi\u00e3o, endometriose passo fundo em passo fundo, medica venda peterson ginecologia cl\u00ednica miomas uterino passo fundo, ginecologia cl\u00ednica em passo fundo rs, medica, para passo fundo e regi\u00e3o,<a title=\"ginecologia cl\u00ednica ginecologia cl\u00ednica ginecologia cl\u00ednica miomas uterino passo fundo de medica em passo fundo, ginecologia cl\u00ednica passo fundo e regi\u00e3o, endometriose passo fundo em passo fundo, medica venda peterson ginecologia cl\u00ednica miomas uterino passo fundo, ginecologia cl\u00ednica em passo fundo rs, medica, para passo fundo e regi\u00e3o, medica para passo fundo e regi\u00e3o\" href=\"https:\/\/www.drpetersonpaludo.com.br\/site\">medica para passo fundo e regi\u00e3o\u00a0ginecologia cl\u00ednica ginecologia cl\u00ednica ginecologia cl\u00ednica miomas uterino passo fundo de medica em passo fundo, ginecologia cl\u00ednica passo fundo e regi\u00e3o, cria\u00e7\u00e3o de sit<\/a>es em passo fundo, medica venda peterson ginecologia cl\u00ednica miomas uterino passo fundo, ginecologia cl\u00ednica em passo fundo rs, medica, para passo fundo e regi\u00e3o, medica para passo fundo e regi\u00e3o<\/h2>\n<div id=\"attachment_747\" style=\"width: 353px\" class=\"wp-caption aligncenter\"><a href=\"https:\/\/www.drpetersonpaludo.com.br\/site\/wp-content\/uploads\/2013\/06\/per\u00edcia-m\u00e9dica-passo-fundo-rs.jpg\"><img decoding=\"async\" aria-describedby=\"caption-attachment-747\" class=\"size-full wp-image-747 \" title=\"ginecologia cl\u00ednica ginecologia cl\u00ednica ginecologia cl\u00ednica miomas uterino passo fundo de medica em Passo Fundo\" src=\"https:\/\/www.drpetersonpaludo.com.br\/site\/wp-content\/uploads\/2013\/06\/per\u00edcia-m\u00e9dica-passo-fundo-rs.jpg\" alt=\"ginecologia cl\u00ednica ginecologia cl\u00ednica ginecologia cl\u00ednica miomas uterino passo fundo de medica em Passo Fundo\" width=\"343\" height=\"300\"  loading=\"lazy\" \/><\/a><p id=\"caption-attachment-747\" class=\"wp-caption-text\">ginecologia cl\u00ednica ginecologia cl\u00ednica ginecologia cl\u00ednica miomas uterino passo fundo de medica em Passo Fundo<\/p><\/div>\n<\/div>\n","protected":false},"excerpt":{"rendered":"<p>ginecologia cl\u00ednica passo fundo endometriose passo fundo, peterson em passo fundo, medica, Passo Fundo RS, [&hellip;]<\/p>\n","protected":false},"author":1,"featured_media":0,"parent":0,"menu_order":0,"comment_status":"closed","ping_status":"closed","template":"template-ginecologia-clinica.php","meta":{"footnotes":""},"class_list":["post-20","page","type-page","status-publish","hentry"],"_links":{"self":[{"href":"https:\/\/www.drpetersonpaludo.com.br\/site\/wp-json\/wp\/v2\/pages\/20"}],"collection":[{"href":"https:\/\/www.drpetersonpaludo.com.br\/site\/wp-json\/wp\/v2\/pages"}],"about":[{"href":"https:\/\/www.drpetersonpaludo.com.br\/site\/wp-json\/wp\/v2\/types\/page"}],"author":[{"embeddable":true,"href":"https:\/\/www.drpetersonpaludo.com.br\/site\/wp-json\/wp\/v2\/users\/1"}],"replies":[{"embeddable":true,"href":"https:\/\/www.drpetersonpaludo.com.br\/site\/wp-json\/wp\/v2\/comments?post=20"}],"version-history":[{"count":3,"href":"https:\/\/www.drpetersonpaludo.com.br\/site\/wp-json\/wp\/v2\/pages\/20\/revisions"}],"predecessor-version":[{"id":93,"href":"https:\/\/www.drpetersonpaludo.com.br\/site\/wp-json\/wp\/v2\/pages\/20\/revisions\/93"}],"wp:attachment":[{"href":"https:\/\/www.drpetersonpaludo.com.br\/site\/wp-json\/wp\/v2\/media?parent=20"}],"curies":[{"name":"wp","href":"https:\/\/api.w.org\/{rel}","templated":true}]}}